{"id":3700,"date":"2021-02-25T19:22:24","date_gmt":"2021-02-25T18:22:24","guid":{"rendered":"https:\/\/plastcom.dk\/?page_id=3700"},"modified":"2021-02-25T19:25:41","modified_gmt":"2021-02-25T18:25:41","slug":"3700-2","status":"publish","type":"page","link":"https:\/\/plastcom.dk\/en\/3700-2\/","title":{"rendered":"Disclaimer"},"content":{"rendered":"\t\t<div data-elementor-type=\"wp-page\" data-elementor-id=\"3700\" class=\"elementor elementor-3700 elementor-1436\" data-elementor-settings=\"{&quot;ha_cmc_init_switcher&quot;:&quot;no&quot;}\" data-elementor-post-type=\"page\">\n\t\t\t\t\t\t<section class=\"elementor-section elementor-top-section elementor-element elementor-element-e314d elementor-section-height-min-height elementor-section-items-bottom elementor-section-boxed elementor-section-height-default\" data-id=\"e314d\" data-element_type=\"section\" data-e-type=\"section\" id=\"topbanner\" data-settings=\"{&quot;background_background&quot;:&quot;classic&quot;,&quot;_ha_eqh_enable&quot;:false}\">\n\t\t\t\t\t\t\t<div class=\"elementor-background-overlay\"><\/div>\n\t\t\t\t\t\t\t<div class=\"elementor-container elementor-column-gap-no\">\n\t\t\t\t\t<div class=\"elementor-column elementor-col-100 elementor-top-column elementor-element elementor-element-420d3e1f\" data-id=\"420d3e1f\" data-element_type=\"column\" data-e-type=\"column\" id=\"topcontent\">\n\t\t\t<div class=\"elementor-widget-wrap elementor-element-populated\">\n\t\t\t\t\t\t<div class=\"elementor-element elementor-element-4cdc9fd8 elementor-hidden-phone elementor-widget elementor-widget-heading\" data-id=\"4cdc9fd8\" data-element_type=\"widget\" data-e-type=\"widget\" id=\"top_billed_txt1\" data-widget_type=\"heading.default\">\n\t\t\t\t<div class=\"elementor-widget-container\">\n\t\t\t\t\t<h6 class=\"elementor-heading-title elementor-size-default\">Plastcom bor i det smukke Nordsj\u00e6lland<\/h6>\t\t\t\t<\/div>\n\t\t\t\t<\/div>\n\t\t\t\t<div class=\"elementor-element elementor-element-895fff3 elementor-hidden-phone elementor-widget elementor-widget-heading\" data-id=\"895fff3\" data-element_type=\"widget\" data-e-type=\"widget\" id=\"top_billed_txt2\" data-widget_type=\"heading.default\">\n\t\t\t\t<div class=\"elementor-widget-container\">\n\t\t\t\t\t<h6 class=\"elementor-heading-title elementor-size-default\">t\u00e6t p\u00e5 Helsing\u00f8r motorvejen<\/h6>\t\t\t\t<\/div>\n\t\t\t\t<\/div>\n\t\t\t\t<div class=\"elementor-element elementor-element-7e574e6a elementor-widget elementor-widget-image\" data-id=\"7e574e6a\" data-element_type=\"widget\" data-e-type=\"widget\" id=\"top_billed\" data-widget_type=\"image.default\">\n\t\t\t\t<div class=\"elementor-widget-container\">\n\t\t\t\t\t\t\t\t\t\t\t\t\t\t\t<img fetchpriority=\"high\" decoding=\"async\" width=\"720\" height=\"231\" src=\"https:\/\/plastcom.dk\/wp-content\/uploads\/2020\/09\/transparant-top.png\" class=\"attachment-full size-full wp-image-3750\" alt=\"\" srcset=\"https:\/\/plastcom.dk\/wp-content\/uploads\/2020\/09\/transparant-top.png 720w, https:\/\/plastcom.dk\/wp-content\/uploads\/2020\/09\/transparant-top-300x96.png 300w\" sizes=\"(max-width: 720px) 100vw, 720px\" \/>\t\t\t\t\t\t\t\t\t\t\t\t\t\t\t<\/div>\n\t\t\t\t<\/div>\n\t\t\t\t\t<\/div>\n\t\t<\/div>\n\t\t\t\t\t<\/div>\n\t\t<\/section>\n\t\t\t\t<section class=\"elementor-section elementor-top-section elementor-element elementor-element-523f0913 elementor-section-boxed elementor-section-height-default elementor-section-height-default\" data-id=\"523f0913\" data-element_type=\"section\" data-e-type=\"section\" data-settings=\"{&quot;background_background&quot;:&quot;classic&quot;,&quot;_ha_eqh_enable&quot;:false}\">\n\t\t\t\t\t\t<div class=\"elementor-container elementor-column-gap-default\">\n\t\t\t\t\t<div class=\"elementor-column elementor-col-100 elementor-top-column elementor-element elementor-element-5670a5ab\" data-id=\"5670a5ab\" data-element_type=\"column\" data-e-type=\"column\">\n\t\t\t<div class=\"elementor-widget-wrap elementor-element-populated\">\n\t\t\t\t\t\t<div class=\"elementor-element elementor-element-656076fa elementor-widget elementor-widget-text-editor\" data-id=\"656076fa\" data-element_type=\"widget\" data-e-type=\"widget\" data-widget_type=\"text-editor.default\">\n\t\t\t\t<div class=\"elementor-widget-container\">\n\t\t\t\t\t\t\t\t\t<nav aria-label=\"breadcrumbs\" class=\"rank-math-breadcrumb\"><p><span class=\"last\">Home<\/span><\/p><\/nav>\t\t\t\t\t\t\t\t<\/div>\n\t\t\t\t<\/div>\n\t\t\t\t\t<\/div>\n\t\t<\/div>\n\t\t\t\t\t<\/div>\n\t\t<\/section>\n\t\t\t\t<section class=\"elementor-section elementor-top-section elementor-element elementor-element-262b0dc5 elementor-section-boxed elementor-section-height-default elementor-section-height-default\" data-id=\"262b0dc5\" data-element_type=\"section\" data-e-type=\"section\" data-settings=\"{&quot;background_background&quot;:&quot;classic&quot;,&quot;_ha_eqh_enable&quot;:false}\">\n\t\t\t\t\t\t<div class=\"elementor-container elementor-column-gap-default\">\n\t\t\t\t\t<div class=\"elementor-column elementor-col-100 elementor-top-column elementor-element elementor-element-2f92f311 legal_txt\" data-id=\"2f92f311\" data-element_type=\"column\" data-e-type=\"column\">\n\t\t\t<div class=\"elementor-widget-wrap elementor-element-populated\">\n\t\t\t\t\t\t<div class=\"elementor-element elementor-element-45fedfd elementor-widget elementor-widget-heading\" data-id=\"45fedfd\" data-element_type=\"widget\" data-e-type=\"widget\" data-widget_type=\"heading.default\">\n\t\t\t\t<div class=\"elementor-widget-container\">\n\t\t\t\t\t<h2 class=\"elementor-heading-title elementor-size-default\">Disclaimer<\/h2>\t\t\t\t<\/div>\n\t\t\t\t<\/div>\n\t\t\t\t<div class=\"elementor-element elementor-element-2ea9c591 elementor-widget elementor-widget-shortcode\" data-id=\"2ea9c591\" data-element_type=\"widget\" data-e-type=\"widget\" data-widget_type=\"shortcode.default\">\n\t\t\t\t<div class=\"elementor-widget-container\">\n\t\t\t\t\t\t\t<div class=\"elementor-shortcode\">\n<!-- Legal document generated by Complianz | GDPR\/CCPA Cookie Consent https:\/\/wordpress.org\/plugins\/complianz-gdpr -->\n<div id=\"cmplz-document\" class=\"cmplz-document disclaimer cmplz-document-all\"><p>Plastcom A\/S is committed to keeping this website up to date and accurate. Should you nevertheless encounter anything that is incorrect or out of date, we would appreciate it if you could let us know. Please indicate where on the website you read the information. We will then look at this as soon as possible. Please send your response by email to: <span class=\"cmplz-obfuscate\">pl&#097;s&#116;&#099;&#111;&#109;@<span class=\"cmplz-fmail-domain\">&#101;&#120;&#046;c&#111;&#109;<\/span>p&#108;&#097;st&#099;&#111;&#109;&#046;&#100;k<\/span>.<\/p><p>We are not liable for loss as a result of inaccuracies or incompleteness, nor for loss resulting from problems caused by or inherent to the dissemination of information through the internet, such as disruptions or interruptions. When using web forms, we strive to limit the number of required fields to a minimum. For any loss suffered as a result of the use of data, advice or ideas provided by or on behalf of Plastcom A\/S via this website, Plastcom A\/S accepts no liability.<\/p><p>All intellectual property rights to content on this website are vested in Plastcom A\/S.<\/p><p>Copying, disseminating and any other use of these materials is not permitted without the written permission of Plastcom A\/S, except and only insofar as otherwise stipulated in regulations of mandatory law (such as the right to quote), unless specific content dictates otherwise.<\/p><p>If you have any questions or problems with the accessibility of the website, please do not hesitate to contact us.<\/p><\/div><\/div>\n\t\t\t\t\t\t<\/div>\n\t\t\t\t<\/div>\n\t\t\t\t\t<\/div>\n\t\t<\/div>\n\t\t\t\t\t<\/div>\n\t\t<\/section>\n\t\t\t\t<\/div>\n\t\t","protected":false},"excerpt":{"rendered":"<p>Plastcom bor i det smukke Nordsj\u00e6lland t\u00e6t p\u00e5 Helsing\u00f8r motorvejen Disclaimer<\/p>\n","protected":false},"author":1,"featured_media":0,"parent":0,"menu_order":0,"comment_status":"closed","ping_status":"closed","template":"elementor_header_footer","meta":{"footnotes":""},"class_list":["post-3700","page","type-page","status-publish","hentry"],"_links":{"self":[{"href":"https:\/\/plastcom.dk\/en\/wp-json\/wp\/v2\/pages\/3700","targetHints":{"allow":["GET"]}}],"collection":[{"href":"https:\/\/plastcom.dk\/en\/wp-json\/wp\/v2\/pages"}],"about":[{"href":"https:\/\/plastcom.dk\/en\/wp-json\/wp\/v2\/types\/page"}],"author":[{"embeddable":true,"href":"https:\/\/plastcom.dk\/en\/wp-json\/wp\/v2\/users\/1"}],"replies":[{"embeddable":true,"href":"https:\/\/plastcom.dk\/en\/wp-json\/wp\/v2\/comments?post=3700"}],"version-history":[{"count":8,"href":"https:\/\/plastcom.dk\/en\/wp-json\/wp\/v2\/pages\/3700\/revisions"}],"predecessor-version":[{"id":3708,"href":"https:\/\/plastcom.dk\/en\/wp-json\/wp\/v2\/pages\/3700\/revisions\/3708"}],"wp:attachment":[{"href":"https:\/\/plastcom.dk\/en\/wp-json\/wp\/v2\/media?parent=3700"}],"curies":[{"name":"wp","href":"https:\/\/api.w.org\/{rel}","templated":true}]}}